{"id":76,"date":"2018-10-16T21:05:16","date_gmt":"2018-10-16T19:05:16","guid":{"rendered":"http:\/\/www.gods69.com\/?page_id=76"},"modified":"2022-04-13T08:32:24","modified_gmt":"2022-04-13T06:32:24","slug":"microcontroleur","status":"publish","type":"page","link":"https:\/\/www.gods69.com\/index.php\/microcontroleur\/","title":{"rendered":"Microcontr\u00f4leur ?"},"content":{"rendered":"\n<p class=\"has-text-align-center\"><strong>Si la l\u00e9gende veut qu&rsquo;on ne soit jamais \u00e0 plus de deux m\u00e8tres d&rsquo;une araign\u00e9e, c&rsquo;est tout aussi vrai des microcontr\u00f4leurs, tout simplement parce qu&rsquo;ils sont d\u00e9ploy\u00e9s par millions gr\u00e2ce \u00e0 l&rsquo;Internet des objets. Il est pourtant regrettable que le public en sache si peu sur ces composants remarquables et omnipr\u00e9sents. Voici donc quelques \u00e9l\u00e9ments \u00e0 retenir \u00e0 propos des microcontr\u00f4leurs.\u00a0<\/strong><\/p>\n\n\n\n<div class=\"wp-block-image\"><figure class=\"aligncenter size-full\"><img fetchpriority=\"high\" decoding=\"async\" width=\"300\" height=\"171\" src=\"https:\/\/www.gods69.com\/wp-content\/uploads\/2022\/04\/5039_MCU-stock.jpg\" alt=\"\" class=\"wp-image-1071\"\/><\/figure><\/div>\n\n\n\n<p>Qu&rsquo;est-ce qu&rsquo;un microcontr\u00f4leur ? Qu&rsquo;est-ce qui diff\u00e9rencie un microcontr\u00f4leur d\u2019un microprocesseur ? Comment les ing\u00e9nieurs utilisent-ils les microcontr\u00f4leurs ? Les Arduino et Raspberry Pi sont-ils des microcontr\u00f4leurs ?<br><br>Les ing\u00e9nieurs \u00e9lectroniciens connaissent les r\u00e9ponses \u00e0 ces questions car ils incorporent des microcontr\u00f4leurs dans les produits qu&rsquo;ils d\u00e9veloppent pour quasiment tous les secteurs d&rsquo;activit\u00e9, depuis l&rsquo;a\u00e9rospatiale jusqu&rsquo;\u00e0 la sant\u00e9. Malheureusement, les dirigeants non techniciens, les responsables marketing, les commerciaux et les d\u00e9veloppeurs de logiciels sont souvent peu vers\u00e9s dans la technologie des microcontr\u00f4leurs. Les non techniciens en particulier confondent fr\u00e9quemment les termes microcontr\u00f4leur, microprocesseur, SoC (syst\u00e8me sur une puce), microchip (puce \u00e9lectronique) et CI (circuit int\u00e9gr\u00e9) et les utilisent souvent de mani\u00e8re interchangeable. Pour r\u00e9soudre ce probl\u00e8me, j&rsquo;ai constitu\u00e9 une liste de cinq \u00e9l\u00e9ments essentiels \u00e0 retenir \u00e0 propos des microcontr\u00f4leurs. Si vous \u00eates un ing\u00e9nieur professionnel ou un <em>maker<\/em> accompli, vous pouvez vous \u00e9pargner la lecture de cet article, mais non&nbsp;sans le faire conna\u00eetre \u00e0 vos coll\u00e8gues \u00e9loign\u00e9s de l&rsquo;univers de la technique.<\/p>\n\n\n\n<h3 class=\"has-text-align-center has-vivid-cyan-blue-color has-text-color wp-block-heading\"><strong>L&rsquo;essentiel \u00e0 propos des microcontr\u00f4leurs<\/strong><\/h3>\n\n\n\n<ul class=\"wp-block-list\"><li><strong><em>Un contr\u00f4leur et un processeur sont deux choses diff\u00e9rentes.<\/em><\/strong> Un microcontr\u00f4leur est un ordinateur incorpor\u00e9 sur une puce, qui contient un c\u0153ur de processeur, de la m\u00e9moire et des p\u00e9riph\u00e9riques d&rsquo;entr\u00e9es-sorties. Il est g\u00e9n\u00e9ralement utilis\u00e9 pour effectuer une fonction sp\u00e9cifique dans un syst\u00e8me embarqu\u00e9. Vous pouvez, par exemple, utiliser les microcontr\u00f4leurs pour faire fonctionner des capteurs, enregistrer des donn\u00e9es, commander des LED, communiquer avec d&rsquo;autres microcontr\u00f4leurs, etc. La m\u00e9moire, les ports d&rsquo;entr\u00e9es-sorties et la m\u00e9moire ROM\/RAM du microcontr\u00f4leur sont incorpor\u00e9s dans la puce \u00e9lectronique. Les p\u00e9riph\u00e9riques d\u2019un microprocesseur, par contre, sont \u00e0 l&rsquo;ext\u00e9rieur. De m\u00eame, la m\u00e9moire ROM\/RAM, l&rsquo;interface s\u00e9rie, les syst\u00e8mes de temporisation et les ports d&rsquo;entr\u00e9es-sorties sont ext\u00e9rieurs \u00e0 un microprocesseur.<\/li><\/ul>\n\n\n\n<p><\/p>\n\n\n\n<ul class=\"wp-block-list\"><li><em><strong>Les microcontr\u00f4leurs sont tr\u00e8s sp\u00e9cialis\u00e9s<\/strong>.<\/em> Les microcontr\u00f4leurs sont sp\u00e9cifiques \u00e0 des applications et utilis\u00e9s pour des traitements pr\u00e9d\u00e9finis. Vous pourrez par exemple utiliser un microcontr\u00f4leur pour commander un moteur dans un syst\u00e8me robotique. <em>A contrario<\/em>, les microprocesseurs sont utilis\u00e9s pour des applications qui n\u00e9cessitent des traitements intenses, comme par exemple les programmes massifs de calcul et de trac\u00e9 graphique sur un ordinateur portable. Pour r\u00e9sumer, vous n&rsquo;utilisez pas un processeur Intel CORE i5 pour faire le travail d\u2019un microcontr\u00f4leur.<\/li><\/ul>\n\n\n\n<p><\/p>\n\n\n\n<ul class=\"wp-block-list\"><li><strong><em>Les microcontr\u00f4leurs peuvent faire beaucoup avec tr\u00e8s peu de moyens.<\/em><\/strong> Un microcontr\u00f4leur ne dispose pas de la vitesse et de la m\u00e9moire massive ext\u00e9rieure d&rsquo;un microprocesseur. Prenons un exemple. Un microcontr\u00f4leur a un travail tr\u00e8s sp\u00e9cifique \u00e0 effectuer et ne demande donc ni vitesse consid\u00e9rable ni quantit\u00e9s astronomiques de m\u00e9moire. \u00c0 l&rsquo;inverse, si les traitements sont compliqu\u00e9s et gourmands en ressources, le choix se portera sur un microprocesseur. La fr\u00e9quence d&rsquo;horloge d\u2019un microcontr\u00f4leur peut atteindre 300 MHz \u00e0 comparer \u00e0 celle d&rsquo;un processeur, de l&rsquo;ordre de 4 GHz.<\/li><\/ul>\n\n\n\n<p><\/p>\n\n\n\n<ul class=\"wp-block-list\"><li><strong><em>Le format 8 bits est toujours vivant.<\/em><\/strong> Au d\u00e9but des ann\u00e9es 2000, certains journalistes sp\u00e9cialis\u00e9s avaient annonc\u00e9 la mort du format 8 bits du fait de la prolif\u00e9ration de la nouvelle technologie \u00e0 32 bits, si enthousiasmante. Aujourd&rsquo;hui, le paysage n&rsquo;est plus le m\u00eame. Avec l&rsquo;explosion de l&rsquo;Internet des objets, les microcontr\u00f4leurs 8 bits, peu co\u00fbteux, sont extr\u00eamement recherch\u00e9s pour de tr\u00e8s nombreuses applications, notamment les syst\u00e8mes de commande automobile, les applications de l&rsquo;industrie spatiale, l&rsquo;automatisation industrielle, les composants \u00e9lectroniques pour l\u2019habitronique (<em>wearable<\/em>), la robotique et les appareils m\u00e9dicaux.<\/li><\/ul>\n\n\n\n<p><\/p>\n\n\n\n<ul class=\"wp-block-list\"><li><strong><em>Les microcontr\u00f4leurs sont partout.<\/em><\/strong> L&rsquo;Internet des objets est fait de milliards de dispositifs en 8, 16 et 32 bits. Pour r\u00e9sumer, les microcontr\u00f4leurs sont pr\u00e9sents partout : automobiles, avions, appareils domestiques, jouets, syst\u00e8mes de surveillance, sites industriels et appareils m\u00e9dicaux. Vous avez encore \u00e0 l&rsquo;esprit l&rsquo;id\u00e9e de n\u2019\u00eatre jamais \u00e0 moins de deux m\u00e8tres d&rsquo;une araign\u00e9e ? Avec l&rsquo;av\u00e8nement de l&rsquo;Internet des objets, il est assez juste de constater que plusieurs microcontr\u00f4leurs se trouvent d&rsquo;ores et d\u00e9j\u00e0 dans votre voisinage imm\u00e9diat.<\/li><\/ul>\n\n\n\n<div class=\"wp-block-buttons is-layout-flex wp-block-buttons-is-layout-flex\">\n<div class=\"wp-block-button aligncenter is-style-outline is-style-outline--1\"><a class=\"wp-block-button__link has-vivid-red-color has-text-color\" href=\"https:\/\/www.elektormagazine.fr\/news\/qu-est-ce-qu-un-microcontroleur\">SOURCE: Magazine ELEKTOR<\/a><\/div>\n<\/div>\n\n\n\n<p><\/p>\n","protected":false},"excerpt":{"rendered":"<p>Si la l\u00e9gende veut qu&rsquo;on ne soit jamais \u00e0 plus de deux m\u00e8tres d&rsquo;une araign\u00e9e, c&rsquo;est tout aussi vrai des microcontr\u00f4leurs, tout simplement parce qu&rsquo;ils sont d\u00e9ploy\u00e9s par millions gr\u00e2ce \u00e0 l&rsquo;Internet des objets. Il est pourtant regrettable que le public en sache si peu sur ces composants remarquables et omnipr\u00e9sents. Voici donc quelques \u00e9l\u00e9ments \u00e0 retenir \u00e0 propos des microcontr\u00f4leurs.\u00a0 Qu&rsquo;est-ce qu&rsquo;un microcontr\u00f4leur ? Qu&rsquo;est-ce qui diff\u00e9rencie un microcontr\u00f4leur d\u2019un microprocesseur ? Comment les ing\u00e9nieurs utilisent-ils les microcontr\u00f4leurs ? Les Arduino et Raspberry Pi sont-ils des microcontr\u00f4leurs ? Les ing\u00e9nieurs \u00e9lectroniciens connaissent les r\u00e9ponses \u00e0 ces questions car ils incorporent des microcontr\u00f4leurs dans les produits qu&rsquo;ils d\u00e9veloppent pour quasiment tous les secteurs d&rsquo;activit\u00e9, depuis l&rsquo;a\u00e9rospatiale jusqu&rsquo;\u00e0 la sant\u00e9. Malheureusement, les dirigeants non techniciens, les responsables marketing, les commerciaux et les d\u00e9veloppeurs de logiciels sont souvent peu vers\u00e9s dans la technologie des microcontr\u00f4leurs. Les non techniciens en particulier confondent fr\u00e9quemment les termes microcontr\u00f4leur, microprocesseur, SoC (syst\u00e8me sur une puce), microchip (puce \u00e9lectronique) et CI (circuit int\u00e9gr\u00e9) et les utilisent souvent de mani\u00e8re interchangeable. Pour r\u00e9soudre ce probl\u00e8me, j&rsquo;ai constitu\u00e9 une liste de cinq \u00e9l\u00e9ments essentiels \u00e0 retenir \u00e0 propos des microcontr\u00f4leurs. Si vous \u00eates un ing\u00e9nieur professionnel ou un maker accompli, vous pouvez vous \u00e9pargner la lecture de cet article, mais non&nbsp;sans le faire conna\u00eetre \u00e0 vos coll\u00e8gues \u00e9loign\u00e9s de l&rsquo;univers de la technique. L&rsquo;essentiel \u00e0 propos des microcontr\u00f4leurs Un contr\u00f4leur et un processeur sont deux choses diff\u00e9rentes. Un microcontr\u00f4leur est un ordinateur incorpor\u00e9 sur une puce, qui contient un c\u0153ur de processeur, de la m\u00e9moire et des p\u00e9riph\u00e9riques d&rsquo;entr\u00e9es-sorties. Il est g\u00e9n\u00e9ralement utilis\u00e9 pour effectuer une fonction sp\u00e9cifique dans un syst\u00e8me embarqu\u00e9. Vous pouvez, par exemple, utiliser les microcontr\u00f4leurs pour faire fonctionner des capteurs, enregistrer des donn\u00e9es, commander des LED, communiquer avec d&rsquo;autres microcontr\u00f4leurs, etc. La m\u00e9moire, les ports d&rsquo;entr\u00e9es-sorties et la m\u00e9moire ROM\/RAM du microcontr\u00f4leur sont incorpor\u00e9s dans la puce \u00e9lectronique. Les p\u00e9riph\u00e9riques d\u2019un microprocesseur, par contre, sont \u00e0 l&rsquo;ext\u00e9rieur. De m\u00eame, la m\u00e9moire ROM\/RAM, l&rsquo;interface s\u00e9rie, les syst\u00e8mes de temporisation et les ports d&rsquo;entr\u00e9es-sorties sont ext\u00e9rieurs \u00e0 un microprocesseur. Les microcontr\u00f4leurs sont tr\u00e8s sp\u00e9cialis\u00e9s. Les microcontr\u00f4leurs sont sp\u00e9cifiques \u00e0 des applications et utilis\u00e9s pour des traitements pr\u00e9d\u00e9finis. Vous pourrez par exemple utiliser un microcontr\u00f4leur pour commander un moteur dans un syst\u00e8me robotique. A contrario, les microprocesseurs sont utilis\u00e9s pour des applications qui n\u00e9cessitent des traitements intenses, comme par exemple les programmes massifs de calcul et de trac\u00e9 graphique sur un ordinateur portable. Pour r\u00e9sumer, vous n&rsquo;utilisez pas un processeur Intel CORE i5 pour faire le travail d\u2019un microcontr\u00f4leur. Les microcontr\u00f4leurs peuvent faire beaucoup avec tr\u00e8s peu de moyens. Un microcontr\u00f4leur ne dispose pas de la vitesse et de la m\u00e9moire massive ext\u00e9rieure d&rsquo;un microprocesseur. Prenons un exemple. Un microcontr\u00f4leur a un travail tr\u00e8s sp\u00e9cifique \u00e0 effectuer et ne demande donc ni vitesse consid\u00e9rable ni quantit\u00e9s astronomiques de m\u00e9moire. \u00c0 l&rsquo;inverse, si les traitements sont compliqu\u00e9s et gourmands en ressources, le choix se portera sur un microprocesseur. La fr\u00e9quence d&rsquo;horloge d\u2019un microcontr\u00f4leur peut atteindre 300 MHz \u00e0 comparer \u00e0 celle d&rsquo;un processeur, de l&rsquo;ordre de 4 GHz. Le format 8 bits est toujours vivant. Au d\u00e9but des ann\u00e9es 2000, certains journalistes sp\u00e9cialis\u00e9s avaient annonc\u00e9 la mort du format 8 bits du fait de la prolif\u00e9ration de la nouvelle technologie \u00e0 32 bits, si enthousiasmante. Aujourd&rsquo;hui, le paysage n&rsquo;est plus le m\u00eame. Avec l&rsquo;explosion de l&rsquo;Internet des objets, les microcontr\u00f4leurs 8 bits, peu co\u00fbteux, sont extr\u00eamement recherch\u00e9s pour de tr\u00e8s nombreuses applications, notamment les syst\u00e8mes de commande automobile, les applications de l&rsquo;industrie spatiale, l&rsquo;automatisation industrielle, les composants \u00e9lectroniques pour l\u2019habitronique (wearable), la robotique et les appareils m\u00e9dicaux. Les microcontr\u00f4leurs sont partout. L&rsquo;Internet des objets est fait de milliards de dispositifs en 8, 16 et 32 bits. Pour r\u00e9sumer, les microcontr\u00f4leurs sont pr\u00e9sents partout : automobiles, avions, appareils domestiques, jouets, syst\u00e8mes de surveillance, sites industriels et appareils m\u00e9dicaux. Vous avez encore \u00e0 l&rsquo;esprit l&rsquo;id\u00e9e de n\u2019\u00eatre jamais \u00e0 moins de deux m\u00e8tres d&rsquo;une araign\u00e9e ? Avec l&rsquo;av\u00e8nement de l&rsquo;Internet des objets, il est assez juste de constater que plusieurs microcontr\u00f4leurs se trouvent d&rsquo;ores et d\u00e9j\u00e0 dans votre voisinage imm\u00e9diat.<\/p>\n","protected":false},"author":1,"featured_media":0,"parent":0,"menu_order":0,"comment_status":"closed","ping_status":"closed","template":"","meta":{"footnotes":""},"class_list":["post-76","page","type-page","status-publish","hentry"],"acf":[],"_links":{"self":[{"href":"https:\/\/www.gods69.com\/index.php\/wp-json\/wp\/v2\/pages\/76","targetHints":{"allow":["GET"]}}],"collection":[{"href":"https:\/\/www.gods69.com\/index.php\/wp-json\/wp\/v2\/pages"}],"about":[{"href":"https:\/\/www.gods69.com\/index.php\/wp-json\/wp\/v2\/types\/page"}],"author":[{"embeddable":true,"href":"https:\/\/www.gods69.com\/index.php\/wp-json\/wp\/v2\/users\/1"}],"replies":[{"embeddable":true,"href":"https:\/\/www.gods69.com\/index.php\/wp-json\/wp\/v2\/comments?post=76"}],"version-history":[{"count":19,"href":"https:\/\/www.gods69.com\/index.php\/wp-json\/wp\/v2\/pages\/76\/revisions"}],"predecessor-version":[{"id":1078,"href":"https:\/\/www.gods69.com\/index.php\/wp-json\/wp\/v2\/pages\/76\/revisions\/1078"}],"wp:attachment":[{"href":"https:\/\/www.gods69.com\/index.php\/wp-json\/wp\/v2\/media?parent=76"}],"curies":[{"name":"wp","href":"https:\/\/api.w.org\/{rel}","templated":true}]}}